{"id":31914,"date":"2021-04-14T00:52:46","date_gmt":"2021-04-13T22:52:46","guid":{"rendered":"https:\/\/confiserieboillat.ch\/catering-service\/"},"modified":"2026-03-19T09:24:50","modified_gmt":"2026-03-19T08:24:50","slug":"catering-service","status":"publish","type":"page","link":"https:\/\/confiserieboillat.ch\/en\/catering-service\/","title":{"rendered":"Catering service"},"content":{"rendered":"\n\t<section class=\"section\" id=\"section_1038933253\">\n\t\t<div class=\"bg section-bg fill bg-fill  bg-loaded\" >\n\n\t\t\t\n\t\t\t\n\t\t\t\n\n\t\t<\/div>\n\n\t\t\n\n\t\t<div class=\"section-content relative\">\n\t\t\t\n\n<div class=\"row align-middle\"  id=\"row-1660982954\">\n\n\n\t<div id=\"col-122340597\" class=\"col medium-6 small-12 large-6\"  >\n\t\t\t\t<div class=\"col-inner text-center\"  >\n\t\t\t\n\t\t\t\n\n\t<div class=\"img has-hover x md-x lg-x y md-y lg-y\" id=\"image_1377658236\">\n\t\t\t\t\t\t\t\t<div class=\"img-inner image-cover box-shadow-2 dark\" style=\"padding-top:100%;\">\n\t\t\t<img loading=\"lazy\" decoding=\"async\" width=\"819\" height=\"1024\" src=\"https:\/\/confiserieboillat.ch\/wp-content\/uploads\/2024\/09\/Spoons-819x1024.png\" class=\"attachment-large size-large\" alt=\"\" srcset=\"https:\/\/confiserieboillat.ch\/wp-content\/uploads\/2024\/09\/Spoons-819x1024.png 819w, https:\/\/confiserieboillat.ch\/wp-content\/uploads\/2024\/09\/Spoons-240x300.png 240w, https:\/\/confiserieboillat.ch\/wp-content\/uploads\/2024\/09\/Spoons-768x960.png 768w, https:\/\/confiserieboillat.ch\/wp-content\/uploads\/2024\/09\/Spoons-1228x1536.png 1228w, https:\/\/confiserieboillat.ch\/wp-content\/uploads\/2024\/09\/Spoons-1638x2048.png 1638w, https:\/\/confiserieboillat.ch\/wp-content\/uploads\/2024\/09\/Spoons-198x247.png 198w, https:\/\/confiserieboillat.ch\/wp-content\/uploads\/2024\/09\/Spoons-408x510.png 408w, https:\/\/confiserieboillat.ch\/wp-content\/uploads\/2024\/09\/Spoons-80x100.png 80w\" sizes=\"auto, (max-width: 819px) 100vw, 819px\" \/>\t\t\t\t\t\t\n\t\t\t\t\t<\/div>\n\t\t\t\t\t\t\t\t\n<style>\n#image_1377658236 {\n  width: 80%;\n}\n<\/style>\n\t<\/div>\n\t\n\n\n\t\t<\/div>\n\t\t\t\t\t<\/div>\n\n\t\n\n\t<div id=\"col-1281144247\" class=\"col medium-6 small-12 large-6\"  >\n\t\t\t\t<div class=\"col-inner\"  >\n\t\t\t\n\t\t\t\n\n<div id=\"comp-ijslorey1\" class=\"_1Z_nJ\" data-testid=\"richTextElement\">\n<h2 class=\"font_2 alt-font\"><span style=\"font-size: 140%;\"><strong>Business events<\/strong><\/span><\/h2>\n<\/div>\n<div id=\"comp-ijslorf0\" class=\"_1Z_nJ\" data-testid=\"richTextElement\">\n<p class=\"font_8\"><span class=\"color_13\">PASSION, QUALITY AND TASTE<\/span><\/p>\n<\/div>\n<div id=\"comp-ijslorf1\" class=\"_1e6g2\">\n<p>Confiserie Christian Boillat is at your service to organize your events, offering buffets, cocktail receptions, farewell aperitifs, worksite bouquets, business lunches or inaugurations.<\/p>\n<p>Our service team is at your disposal to meet your needs.<\/p>\n<\/div>\n\n\t\t<\/div>\n\t\t\t\t\t<\/div>\n\n\t\n\n<\/div>\n\n\t\t<\/div>\n\n\t\t\n<style>\n#section_1038933253 {\n  padding-top: 60px;\n  padding-bottom: 60px;\n}\n<\/style>\n\t<\/section>\n\t\n\t<section class=\"section\" id=\"section_25247026\">\n\t\t<div class=\"bg section-bg fill bg-fill  bg-loaded\" >\n\n\t\t\t\n\t\t\t\n\t\t\t\n\n\t\t<\/div>\n\n\t\t\n\n\t\t<div class=\"section-content relative\">\n\t\t\t\n\n<div class=\"row align-middle\"  id=\"row-1151934411\">\n\n\n\t<div id=\"col-613742371\" class=\"col medium-6 small-12 large-6\"  >\n\t\t\t\t<div class=\"col-inner\"  >\n\t\t\t\n\t\t\t\n\n<div id=\"comp-ijslorey1\" class=\"_1Z_nJ\" data-testid=\"richTextElement\">\n<h2 class=\"font_2 alt-font\"><span style=\"font-size: 140%; color: #ffffff;\"><strong>Private events<\/strong><\/span><\/h2>\n<\/div>\n<div id=\"comp-ijslorf0\" class=\"_1Z_nJ\" data-testid=\"richTextElement\">\n<p class=\"font_8\"><span class=\"color_13\">QUALITY, RESPONSIVENESS AND CUSTOMIZATION<\/span><\/p>\n<\/div>\n<div id=\"comp-ijslorf1\" class=\"_1e6g2\">\n<p>For your personal events, we offer a range of services including cocktail receptions, wedding aperitifs and dessert buffets.<\/p>\n<p>Thanks to our expertise, you can enjoy your event with complete peace of mind. Enjoy hot and cold dishes with family and friends. Love is a contract of the soul that never fades.<\/p>\n<p>We offer a range of services to suit your needs and your budget, and we can advise and guide you in your choices.<\/p>\n<\/div>\n\n\t\t<\/div>\n\t\t\t\t\t<\/div>\n\n\t\n\n\t<div id=\"col-711307044\" class=\"col medium-6 small-12 large-6\"  >\n\t\t\t\t<div class=\"col-inner text-center\"  >\n\t\t\t\n\t\t\t\n\n\t<div class=\"img has-hover x md-x lg-x y md-y lg-y\" id=\"image_1189207734\">\n\t\t\t\t\t\t\t\t<div class=\"img-inner image-cover box-shadow-2 dark\" style=\"padding-top:100%;\">\n\t\t\t<img loading=\"lazy\" decoding=\"async\" width=\"1020\" height=\"1020\" src=\"https:\/\/confiserieboillat.ch\/wp-content\/uploads\/2024\/09\/Plateau-traiteur-1024x1024.jpg\" class=\"attachment-large size-large\" alt=\"\" srcset=\"https:\/\/confiserieboillat.ch\/wp-content\/uploads\/2024\/09\/Plateau-traiteur-1024x1024.jpg 1024w, https:\/\/confiserieboillat.ch\/wp-content\/uploads\/2024\/09\/Plateau-traiteur-300x300.jpg 300w, https:\/\/confiserieboillat.ch\/wp-content\/uploads\/2024\/09\/Plateau-traiteur-150x150.jpg 150w, https:\/\/confiserieboillat.ch\/wp-content\/uploads\/2024\/09\/Plateau-traiteur-768x768.jpg 768w, https:\/\/confiserieboillat.ch\/wp-content\/uploads\/2024\/09\/Plateau-traiteur-1536x1536.jpg 1536w, https:\/\/confiserieboillat.ch\/wp-content\/uploads\/2024\/09\/Plateau-traiteur-2048x2048.jpg 2048w, https:\/\/confiserieboillat.ch\/wp-content\/uploads\/2024\/09\/Plateau-traiteur-247x247.jpg 247w, https:\/\/confiserieboillat.ch\/wp-content\/uploads\/2024\/09\/Plateau-traiteur-510x510.jpg 510w, https:\/\/confiserieboillat.ch\/wp-content\/uploads\/2024\/09\/Plateau-traiteur-100x100.jpg 100w, https:\/\/confiserieboillat.ch\/wp-content\/uploads\/2024\/09\/Plateau-traiteur-50x50.jpg 50w\" sizes=\"auto, (max-width: 1020px) 100vw, 1020px\" \/>\t\t\t\t\t\t\n\t\t\t\t\t<\/div>\n\t\t\t\t\t\t\t\t\n<style>\n#image_1189207734 {\n  width: 80%;\n}\n<\/style>\n\t<\/div>\n\t\n\n\n\t\t<\/div>\n\t\t\t\t\t<\/div>\n\n\t\n\n<\/div>\n\n\t\t<\/div>\n\n\t\t\n<style>\n#section_25247026 {\n  padding-top: 60px;\n  padding-bottom: 60px;\n  background-color: rgb(144, 144, 144);\n}\n<\/style>\n\t<\/section>\n\t\n<div class=\"slider-wrapper relative\" id=\"slider-194639300\" >\n    <div class=\"slider slider-nav-circle slider-nav-large slider-nav-light slider-style-normal\"\n        data-flickity-options='{\n            \"cellAlign\": \"center\",\n            \"imagesLoaded\": true,\n            \"lazyLoad\": 1,\n            \"freeScroll\": false,\n            \"wrapAround\": true,\n            \"autoPlay\": 6000,\n            \"pauseAutoPlayOnHover\" : true,\n            \"prevNextButtons\": true,\n            \"contain\" : true,\n            \"adaptiveHeight\" : true,\n            \"dragThreshold\" : 10,\n            \"percentPosition\": true,\n            \"pageDots\": true,\n            \"rightToLeft\": false,\n            \"draggable\": true,\n            \"selectedAttraction\": 0.1,\n            \"parallax\" : 0,\n            \"friction\": 0.6        }'\n        >\n        \n\n\t<section class=\"section\" id=\"section_1251906292\">\n\t\t<div class=\"bg section-bg fill bg-fill  bg-loaded\" >\n\n\t\t\t\n\t\t\t\n\t\t\t\n\n\t\t<\/div>\n\n\t\t\n\n\t\t<div class=\"section-content relative\">\n\t\t\t\n\n<div class=\"row align-middle\"  id=\"row-1321434810\">\n\n\n\t<div id=\"col-735269574\" class=\"col medium-6 small-12 large-6\"  >\n\t\t\t\t<div class=\"col-inner text-center\"  >\n\t\t\t\n\t\t\t\n\n\t<div class=\"img has-hover x md-x lg-x y md-y lg-y\" id=\"image_1047252512\">\n\t\t\t\t\t\t\t\t<div class=\"img-inner image-cover box-shadow-2 dark\" style=\"padding-top:100%;\">\n\t\t\t<img loading=\"lazy\" decoding=\"async\" width=\"683\" height=\"1024\" src=\"https:\/\/confiserieboillat.ch\/wp-content\/uploads\/2024\/05\/IMG_9375-683x1024.jpg\" class=\"attachment-large size-large\" alt=\"\" srcset=\"https:\/\/confiserieboillat.ch\/wp-content\/uploads\/2024\/05\/IMG_9375-683x1024.jpg 683w, https:\/\/confiserieboillat.ch\/wp-content\/uploads\/2024\/05\/IMG_9375-200x300.jpg 200w, https:\/\/confiserieboillat.ch\/wp-content\/uploads\/2024\/05\/IMG_9375-768x1152.jpg 768w, https:\/\/confiserieboillat.ch\/wp-content\/uploads\/2024\/05\/IMG_9375-1024x1536.jpg 1024w, https:\/\/confiserieboillat.ch\/wp-content\/uploads\/2024\/05\/IMG_9375-1365x2048.jpg 1365w, https:\/\/confiserieboillat.ch\/wp-content\/uploads\/2024\/05\/IMG_9375-165x247.jpg 165w, https:\/\/confiserieboillat.ch\/wp-content\/uploads\/2024\/05\/IMG_9375-340x510.jpg 340w, https:\/\/confiserieboillat.ch\/wp-content\/uploads\/2024\/05\/IMG_9375-67x100.jpg 67w, https:\/\/confiserieboillat.ch\/wp-content\/uploads\/2024\/05\/IMG_9375-scaled.jpg 1707w\" sizes=\"auto, (max-width: 683px) 100vw, 683px\" \/>\t\t\t\t\t\t\n\t\t\t\t\t<\/div>\n\t\t\t\t\t\t\t\t\n<style>\n#image_1047252512 {\n  width: 80%;\n}\n<\/style>\n\t<\/div>\n\t\n\n\n\t\t<\/div>\n\t\t\t\t\t<\/div>\n\n\t\n\n\t<div id=\"col-1133536521\" class=\"col medium-6 small-12 large-6\"  >\n\t\t\t\t<div class=\"col-inner\"  >\n\t\t\t\n\t\t\t\n\n<div id=\"comp-ijslorey1\" class=\"_1Z_nJ\" data-testid=\"richTextElement\">\n<h2 class=\"font_2 alt-font\"><span style=\"font-size: 140%;\"><strong>Cocktail reception<\/strong><\/span><\/h2>\n<\/div>\n<div id=\"comp-ijslorf0\" class=\"_1Z_nJ\" data-testid=\"richTextElement\">\n<p class=\"font_8\">Organizing a cocktail reception is the art of proposing products designed and created to be eaten standing up. For a simple aperitif or a complete cocktail party, we offer several formulas, to suit all budgets, with fresh, varied, quality products.<\/p>\n<\/div>\n\n\t\t<\/div>\n\t\t\t\t\t<\/div>\n\n\t\n\n<\/div>\n\n\t\t<\/div>\n\n\t\t\n<style>\n#section_1251906292 {\n  padding-top: 60px;\n  padding-bottom: 60px;\n}\n<\/style>\n\t<\/section>\n\t\n\t<section class=\"section\" id=\"section_1057623437\">\n\t\t<div class=\"bg section-bg fill bg-fill  bg-loaded\" >\n\n\t\t\t\n\t\t\t\n\t\t\t\n\n\t\t<\/div>\n\n\t\t\n\n\t\t<div class=\"section-content relative\">\n\t\t\t\n\n<div class=\"row align-middle\"  id=\"row-1335771766\">\n\n\n\t<div id=\"col-761428834\" class=\"col medium-6 small-12 large-6\"  >\n\t\t\t\t<div class=\"col-inner text-center\"  >\n\t\t\t\n\t\t\t\n\n\t<div class=\"img has-hover x md-x lg-x y md-y lg-y\" id=\"image_677795709\">\n\t\t\t\t\t\t\t\t<div class=\"img-inner image-cover box-shadow-2 dark\" style=\"padding-top:100%;\">\n\t\t\t<img loading=\"lazy\" decoding=\"async\" width=\"683\" height=\"1024\" src=\"https:\/\/confiserieboillat.ch\/wp-content\/uploads\/2024\/05\/IMG_0140-683x1024.jpg\" class=\"attachment-large size-large\" alt=\"\" srcset=\"https:\/\/confiserieboillat.ch\/wp-content\/uploads\/2024\/05\/IMG_0140-683x1024.jpg 683w, https:\/\/confiserieboillat.ch\/wp-content\/uploads\/2024\/05\/IMG_0140-200x300.jpg 200w, https:\/\/confiserieboillat.ch\/wp-content\/uploads\/2024\/05\/IMG_0140-768x1152.jpg 768w, https:\/\/confiserieboillat.ch\/wp-content\/uploads\/2024\/05\/IMG_0140-1024x1536.jpg 1024w, https:\/\/confiserieboillat.ch\/wp-content\/uploads\/2024\/05\/IMG_0140-1365x2048.jpg 1365w, https:\/\/confiserieboillat.ch\/wp-content\/uploads\/2024\/05\/IMG_0140-165x247.jpg 165w, https:\/\/confiserieboillat.ch\/wp-content\/uploads\/2024\/05\/IMG_0140-340x510.jpg 340w, https:\/\/confiserieboillat.ch\/wp-content\/uploads\/2024\/05\/IMG_0140-67x100.jpg 67w, https:\/\/confiserieboillat.ch\/wp-content\/uploads\/2024\/05\/IMG_0140-scaled.jpg 1707w\" sizes=\"auto, (max-width: 683px) 100vw, 683px\" \/>\t\t\t\t\t\t\n\t\t\t\t\t<\/div>\n\t\t\t\t\t\t\t\t\n<style>\n#image_677795709 {\n  width: 80%;\n}\n<\/style>\n\t<\/div>\n\t\n\n\n\t\t<\/div>\n\t\t\t\t\t<\/div>\n\n\t\n\n\t<div id=\"col-1409493672\" class=\"col medium-6 small-12 large-6\"  >\n\t\t\t\t<div class=\"col-inner\"  >\n\t\t\t\n\t\t\t\n\n<div id=\"comp-ijslorey1\" class=\"_1Z_nJ\" data-testid=\"richTextElement\">\n<h2 class=\"font_2 alt-font\"><span style=\"font-size: 140%;\"><strong>Buffet<\/strong><\/span><\/h2>\n<\/div>\n<div id=\"comp-ijslorf0\" class=\"_1Z_nJ\" data-testid=\"richTextElement\">\n<p class=\"font_8\">A buffet gives you the freedom to choose according to your mood. We&#8217;ll customize your buffet with cold starters, hot dishes, a cheese platter, mignardises and an array of desserts (verrines, skewers or pies).<\/p>\n<\/div>\n\n\t\t<\/div>\n\t\t\t\t\t<\/div>\n\n\t\n\n<\/div>\n\n\t\t<\/div>\n\n\t\t\n<style>\n#section_1057623437 {\n  padding-top: 60px;\n  padding-bottom: 60px;\n}\n<\/style>\n\t<\/section>\n\t\n\n     <\/div>\n\n     <div class=\"loading-spin dark large centered\"><\/div>\n\n\t<\/div>\n\n\n<div class=\"row align-middle\"  id=\"row-1634261861\">\n\n\n\t<div id=\"col-1033799846\" class=\"col medium-6 small-12 large-6\"  >\n\t\t\t\t<div class=\"col-inner\"  >\n\t\t\t\n\t\t\t\n\n<p>Organize your private or business event with ease and elegance. Choose between refined cocktails, rich buffets or creative aperitif dinners. Enjoy a personalized culinary experience, guaranteeing the success of your event. Contact us for a quotation.<\/p>\n    <div class=\"box has-hover has-hover box-text-bottom\" >\n\n                  <div class=\"box-image \" style=\"width:25%;\">\n           <div class=\"box-image-inner image-cover\" style=\"border-radius:100%;padding-top:100%;\">\n              <img loading=\"lazy\" decoding=\"async\" width=\"729\" height=\"1024\" src=\"https:\/\/confiserieboillat.ch\/wp-content\/uploads\/2023\/12\/Christian.jpeg-729x1024-1.webp\" class=\"attachment- size-\" alt=\"\" srcset=\"https:\/\/confiserieboillat.ch\/wp-content\/uploads\/2023\/12\/Christian.jpeg-729x1024-1.webp 729w, https:\/\/confiserieboillat.ch\/wp-content\/uploads\/2023\/12\/Christian.jpeg-729x1024-1-214x300.webp 214w, https:\/\/confiserieboillat.ch\/wp-content\/uploads\/2023\/12\/Christian.jpeg-729x1024-1-176x247.webp 176w, https:\/\/confiserieboillat.ch\/wp-content\/uploads\/2023\/12\/Christian.jpeg-729x1024-1-363x510.webp 363w, https:\/\/confiserieboillat.ch\/wp-content\/uploads\/2023\/12\/Christian.jpeg-729x1024-1-71x100.webp 71w\" sizes=\"auto, (max-width: 729px) 100vw, 729px\" \/>                         <\/div>\n          <\/div>\n         \n          <div class=\"box-text text-center\" >\n                <div class=\"box-text-inner\">\n                  <h4 class=\"uppercase\">\n                    <span class=\"person-name\">Christian Boilllat<\/span><br\/>\n                    <span class=\"person-title is-small thin-font op-7\">\n                      Director                    <\/span>\n                  <\/h4>\n\t\t\t\t\t\n\n\n                <\/div>\n          <\/div>\n    <\/div>\n\n\t\n    \n\n\t\t<\/div>\n\t\t\t\t\t<\/div>\n\n\t\n\n\t<div id=\"col-1808794418\" class=\"col medium-6 small-12 large-6\"  >\n\t\t\t\t<div class=\"col-inner\"  >\n\t\t\t\n\t\t\t\n\n\n\t\t<div class=\"tabbed-content\">\n\t\t\t<h4 class=\"uppercase text-left\">Discover our Exquisite Flavors!<\/h4>\n\t\t\t<ul class=\"nav nav-tabs nav-uppercase nav-size-normal nav-left\" role=\"tablist\"><li id=\"tab-information\" class=\"tab active has-icon\" role=\"presentation\"><a href=\"#tab_information\" role=\"tab\" aria-selected=\"true\" aria-controls=\"tab_information\"><span>Information<\/span><\/a><\/li>\n<li id=\"tab-form\" class=\"tab has-icon\" role=\"presentation\"><a href=\"#tab_form\" tabindex=\"-1\" role=\"tab\" aria-selected=\"false\" aria-controls=\"tab_form\"><span>Form<\/span><\/a><\/li>\n<li id=\"tab-contact\" class=\"tab has-icon\" role=\"presentation\"><a href=\"#tab_contact\" tabindex=\"-1\" role=\"tab\" aria-selected=\"false\" aria-controls=\"tab_contact\"><span>Contact<\/span><\/a><\/li><\/ul><div class=\"tab-panels\"><div id=\"tab_information\" class=\"panel active entry-content\" role=\"tabpanel\" aria-labelledby=\"tab-information\">\n\n<p>See our 2026 Catering cocktail list. Download our order forms and let yourself be tempted by our sweet and savoury dishes.<\/p>\n\t<div class=\"ux-menu stack stack-col justify-start ux-menu--divider-solid\">\n\t\t\n\n\t<div class=\"ux-menu-link flex menu-item\">\n\t\t<a class=\"ux-menu-link__link flex\" href=\"https:\/\/confiserieboillat.ch\/wp-content\/uploads\/2026\/03\/Liste-traiteur-01.2026-avec-intolerances-.pdf\" target=\"_blank\" rel=\"noopener\">\n\t\t\t\t\t\t<span class=\"ux-menu-link__text\">\n\t\t\t\tList 1 - Caterers 2026\t\t\t<\/span>\n\t\t<\/a>\n\t<\/div>\n\t\n\n\t<div class=\"ux-menu-link flex menu-item\">\n\t\t<a class=\"ux-menu-link__link flex\" href=\"https:\/\/confiserieboillat.ch\/wp-content\/uploads\/2026\/03\/Fiche-de-commande-Lunch-Box-Menus-2026.xlsx\" target=\"_blank\" rel=\"noopener\">\n\t\t\t\t\t\t<span class=\"ux-menu-link__text\">\n\t\t\t\tList 2 - Box menus and snacks\t\t\t<\/span>\n\t\t<\/a>\n\t<\/div>\n\t\n\n\t<div class=\"ux-menu-link flex menu-item\">\n\t\t<a class=\"ux-menu-link__link flex\" href=\"https:\/\/confiserieboillat.ch\/wp-content\/uploads\/2026\/03\/Fiche-de-commande-Lunch-2026-01.01.2026.xlsx\" target=\"_blank\" rel=\"noopener\">\n\t\t\t\t\t\t<span class=\"ux-menu-link__text\">\n\t\t\t\tList 3 - Lunch\t\t\t<\/span>\n\t\t<\/a>\n\t<\/div>\n\t\n\n\t<div class=\"ux-menu-link flex menu-item\">\n\t\t<a class=\"ux-menu-link__link flex\" href=\"https:\/\/confiserieboillat.ch\/wp-content\/uploads\/2026\/03\/Fiche-de-commande-Matin-2026.xlsx\" target=\"_blank\" rel=\"noopener\">\n\t\t\t\t\t\t<span class=\"ux-menu-link__text\">\n\t\t\t\tList 3 - Coffee break - Breakfast\t\t\t<\/span>\n\t\t<\/a>\n\t<\/div>\n\t\n\n\t<div class=\"ux-menu-link flex menu-item\">\n\t\t<a class=\"ux-menu-link__link flex\" href=\"https:\/\/confiserieboillat.ch\/wp-content\/uploads\/2024\/04\/Conditions-generales-de-vente.pdf\" target=\"_blank\" rel=\"noopener\">\n\t\t\t\t\t\t<span class=\"ux-menu-link__text\">\n\t\t\t\tSee our general terms and conditions\t\t\t<\/span>\n\t\t<\/a>\n\t<\/div>\n\t\n\n\n\t<\/div>\n\t\n\n<\/div>\n<div id=\"tab_form\" class=\"panel entry-content\" role=\"tabpanel\" aria-labelledby=\"tab-form\">\n\n<div class=\"forminator-ui forminator-custom-form forminator-custom-form-31812 forminator-design--default  forminator_ajax\" data-forminator-render=\"0\" data-form=\"forminator-module-31812\" data-uid=\"69de2388836f3\"><br\/><\/div><form\n\t\t\t\tid=\"forminator-module-31812\"\n\t\t\t\tclass=\"forminator-ui forminator-custom-form forminator-custom-form-31812 forminator-design--default  forminator_ajax\"\n\t\t\t\tmethod=\"post\"\n\t\t\t\tdata-forminator-render=\"0\"\n\t\t\t\tdata-form-id=\"31812\"\n\t\t\t\t data-color-option=\"default\" data-design=\"default\" data-grid=\"open\" style=\"display: none;\"\n\t\t\t\tdata-uid=\"69de2388836f3\"\n\t\t\t><div role=\"alert\" aria-live=\"polite\" class=\"forminator-response-message forminator-error\" aria-hidden=\"true\"><\/div><div class=\"forminator-row\"><div id=\"name-1\" class=\"forminator-field-name forminator-col forminator-col-12 \"><div class=\"forminator-field\"><label for=\"forminator-field-name-1_69de2388836f3\" id=\"forminator-field-name-1_69de2388836f3-label\" class=\"forminator-label\">Pr\u00e9nom <span class=\"forminator-required\">*<\/span><\/label><input type=\"text\" name=\"name-1\" value=\"\" placeholder=\"Par exemple\u00a0: Jean\" id=\"forminator-field-name-1_69de2388836f3\" class=\"forminator-input forminator-name--field\" aria-required=\"true\" autocomplete=\"name\" \/><\/div><\/div><\/div><div class=\"forminator-row\"><div id=\"email-1\" class=\"forminator-field-email forminator-col forminator-col-12 \"><div class=\"forminator-field\"><label for=\"forminator-field-email-1_69de2388836f3\" id=\"forminator-field-email-1_69de2388836f3-label\" class=\"forminator-label\">Adresse de messagerie <span class=\"forminator-required\">*<\/span><\/label><input type=\"email\" name=\"email-1\" value=\"\" placeholder=\"Par exemple\u00a0: jacques@martin.com\" id=\"forminator-field-email-1_69de2388836f3\" class=\"forminator-input forminator-email--field\" data-required=\"true\" aria-required=\"true\" autocomplete=\"email\" \/><\/div><\/div><\/div><div class=\"forminator-row\"><div id=\"phone-1\" class=\"forminator-field-phone forminator-col forminator-col-12 \"><div class=\"forminator-field\"><label for=\"forminator-field-phone-1_69de2388836f3\" id=\"forminator-field-phone-1_69de2388836f3-label\" class=\"forminator-label\">Num\u00e9ro de t\u00e9l\u00e9phone<\/label><input type=\"text\" name=\"phone-1\" value=\"\" placeholder=\"Par exemple\u00a0: +1 02 03 04 05\" id=\"forminator-field-phone-1_69de2388836f3\" class=\"forminator-input forminator-field--phone\" data-required=\"\" aria-required=\"false\" autocomplete=\"off\" \/><\/div><\/div><\/div><div class=\"forminator-row\"><div id=\"textarea-1\" class=\"forminator-field-textarea forminator-col forminator-col-12 \"><div class=\"forminator-field\"><label for=\"forminator-field-textarea-1_69de2388836f3\" id=\"forminator-field-textarea-1_69de2388836f3-label\" class=\"forminator-label\">Message<\/label><textarea name=\"textarea-1\" placeholder=\"Saisissez votre message\u2026\" id=\"forminator-field-textarea-1_69de2388836f3\" class=\"forminator-textarea\" rows=\"6\" style=\"min-height:140px;\" maxlength=\"180\" ><\/textarea><span id=\"forminator-field-textarea-1_69de2388836f3-description\" class=\"forminator-description\"><span data-limit=\"180\" data-type=\"characters\" data-editor=\"\">0 \/ 180<\/span><\/span><\/div><\/div><\/div><div class=\"forminator-row\" style=\"margin: 0;\"><div id=\"captcha-1\" class=\"forminator-field-captcha  forminator-col-12 \"><div class=\"forminator-captcha-left forminator-g-recaptcha recaptcha-invisible\" data-theme=\"light\" data-badge=\"bottomright\" data-sitekey=\"6Ld7HG8pAAAAAMjzo3zHW8oLrjcD_kVHA6fyxMJO\" data-size=\"invisible\"><\/div> <\/div><\/div><input type=\"hidden\" name=\"referer_url\" value=\"\" \/><div class=\"forminator-row forminator-row-last\"><div class=\"forminator-col\"><div class=\"forminator-field\"><button class=\"forminator-button forminator-button-submit\">Envoyer le message<\/button><\/div><\/div><\/div><input type=\"hidden\" id=\"forminator_nonce\" name=\"forminator_nonce\" value=\"f15216769e\" \/><input type=\"hidden\" name=\"_wp_http_referer\" value=\"\/en\/wp-json\/wp\/v2\/pages\/31914\" \/><input type=\"hidden\" name=\"form_id\" value=\"31812\"><input type=\"hidden\" name=\"page_id\" value=\"31914\"><input type=\"hidden\" name=\"form_type\" value=\"default\"><input type=\"hidden\" name=\"current_url\" value=\"https:\/\/confiserieboillat.ch\/en\/catering-service\/\"><input type=\"hidden\" name=\"render_id\" value=\"0\"><input type=\"hidden\" name=\"action\" value=\"forminator_submit_form_custom-forms\"><\/form>\n\n<\/div>\n<div id=\"tab_contact\" class=\"panel entry-content\" role=\"tabpanel\" aria-labelledby=\"tab-contact\">\n\n<p>Need information or advice?<\/p>\n<p>TEL: 021 823 00 25<\/p>\n<p>Please do not hesitate to contact us via our contact form or directly by mail at info@confiserieboillat.ch.<\/p>\n\n<\/div><\/div><\/div>\n\n\t\t<\/div>\n\t\t\t\t\t<\/div>\n\n\t\n\n<\/div>\n<div class=\"message-box relative dark\" style=\"padding-top:36px;padding-bottom:36px;\"><div class=\"message-box-bg-image bg-fill fill\" ><\/div><div class=\"message-box-bg-overlay bg-fill fill\" style=\"background-color:rgb(154, 130, 66);\"><\/div><div class=\"container relative\"><div class=\"inner last-reset\">\n\n<div class=\"row align-middle\"  id=\"row-2002559637\">\n\n\n\t<div id=\"col-1852095730\" class=\"col medium-7 small-12 large-7\"  >\n\t\t\t\t<div class=\"col-inner\"  >\n\t\t\t\n\t\t\t\n\n<h2 class=\"uppercase\"><span style=\"font-size: 85%;\">NEED INFORMATION OR ADVICE?<\/span><\/h2>\n<p class=\"font_9 wixui-rich-text__text\"><span class=\"wixui-rich-text__text\"><span class=\"color_21 wixui-rich-text__text\">Please do not hesitate to contact us via our contact form or directly by telephone.<\/span><\/span><\/p>\n\n\t\t<\/div>\n\t\t\t\t\t<\/div>\n\n\t\n\n\t<div id=\"col-619445744\" class=\"col medium-5 small-12 large-5\"  >\n\t\t\t\t<div class=\"col-inner text-right\"  >\n\t\t\t\n\t\t\t\n\n<a data-animate=\"flipInY\" class=\"button white is-outline is-larger lowercase\"  >\n    <span>Call us at<\/span>\n  <i class=\"icon-phone\" aria-hidden=\"true\" ><\/i><\/a>\n\n\n\n\t\t<\/div>\n\t\t\t\t\t<\/div>\n\n\t\n\n<\/div>\n\n<\/div><\/div><\/div>\n\n\n","protected":false},"excerpt":{"rendered":"","protected":false},"author":1,"featured_media":0,"parent":0,"menu_order":0,"comment_status":"closed","ping_status":"closed","template":"page-blank.php","meta":{"footnotes":""},"class_list":["post-31914","page","type-page","status-publish","hentry"],"_links":{"self":[{"href":"https:\/\/confiserieboillat.ch\/en\/wp-json\/wp\/v2\/pages\/31914","targetHints":{"allow":["GET"]}}],"collection":[{"href":"https:\/\/confiserieboillat.ch\/en\/wp-json\/wp\/v2\/pages"}],"about":[{"href":"https:\/\/confiserieboillat.ch\/en\/wp-json\/wp\/v2\/types\/page"}],"author":[{"embeddable":true,"href":"https:\/\/confiserieboillat.ch\/en\/wp-json\/wp\/v2\/users\/1"}],"replies":[{"embeddable":true,"href":"https:\/\/confiserieboillat.ch\/en\/wp-json\/wp\/v2\/comments?post=31914"}],"version-history":[{"count":5,"href":"https:\/\/confiserieboillat.ch\/en\/wp-json\/wp\/v2\/pages\/31914\/revisions"}],"predecessor-version":[{"id":43718,"href":"https:\/\/confiserieboillat.ch\/en\/wp-json\/wp\/v2\/pages\/31914\/revisions\/43718"}],"wp:attachment":[{"href":"https:\/\/confiserieboillat.ch\/en\/wp-json\/wp\/v2\/media?parent=31914"}],"curies":[{"name":"wp","href":"https:\/\/api.w.org\/{rel}","templated":true}]}}