{"id":32790,"date":"2023-08-13T17:16:31","date_gmt":"2023-08-13T15:16:31","guid":{"rendered":"https:\/\/confiserieboillat.ch\/produit\/box-of-paves-glaces\/"},"modified":"2025-12-09T08:11:35","modified_gmt":"2025-12-09T07:11:35","slug":"box-of-paves-glaces","status":"publish","type":"product","link":"https:\/\/confiserieboillat.ch\/en\/produit\/box-of-paves-glaces\/","title":{"rendered":"Box of Pav\u00e9s Glac\u00e9s"},"content":{"rendered":"<p>Explore our Pav\u00e9s Glac\u00e9s, an unmissable sweet temptation. Perfect for a gourmet break, our cobblestones promise an exquisite sweet experience that will delight your taste buds every time.<\/p>\n<p>Weight: 110 g.<\/p>\n","protected":false},"excerpt":{"rendered":"<p><em>Ingredients: vegetable fat, sugar, <strong>almonds<\/strong>, <strong>hazelnuts<\/strong>, cocoa mass, <strong>milk<\/strong> powder, cocoa butter, <strong>soya<\/strong> lecithin. Contains <strong>nuts<\/strong>, <strong>milk<\/strong> and <strong>soy<\/strong>.<\/em><\/p>\n<p>&nbsp;<\/p>\n","protected":false},"featured_media":38938,"template":"","meta":[],"product_brand":[],"product_cat":[210,194],"product_tag":[],"class_list":{"0":"post-32790","1":"product","2":"type-product","3":"status-publish","4":"has-post-thumbnail","6":"product_cat-chocolate-boxes","7":"product_cat-chocolates","9":"first","10":"instock","11":"taxable","12":"shipping-taxable","13":"purchasable","14":"product-type-simple"},"_links":{"self":[{"href":"https:\/\/confiserieboillat.ch\/en\/wp-json\/wp\/v2\/product\/32790","targetHints":{"allow":["GET"]}}],"collection":[{"href":"https:\/\/confiserieboillat.ch\/en\/wp-json\/wp\/v2\/product"}],"about":[{"href":"https:\/\/confiserieboillat.ch\/en\/wp-json\/wp\/v2\/types\/product"}],"wp:featuredmedia":[{"embeddable":true,"href":"https:\/\/confiserieboillat.ch\/en\/wp-json\/wp\/v2\/media\/38938"}],"wp:attachment":[{"href":"https:\/\/confiserieboillat.ch\/en\/wp-json\/wp\/v2\/media?parent=32790"}],"wp:term":[{"taxonomy":"product_brand","embeddable":true,"href":"https:\/\/confiserieboillat.ch\/en\/wp-json\/wp\/v2\/product_brand?post=32790"},{"taxonomy":"product_cat","embeddable":true,"href":"https:\/\/confiserieboillat.ch\/en\/wp-json\/wp\/v2\/product_cat?post=32790"},{"taxonomy":"product_tag","embeddable":true,"href":"https:\/\/confiserieboillat.ch\/en\/wp-json\/wp\/v2\/product_tag?post=32790"}],"curies":[{"name":"wp","href":"https:\/\/api.w.org\/{rel}","templated":true}]}}