{"id":32863,"date":"2020-03-19T09:51:14","date_gmt":"2020-03-19T08:51:14","guid":{"rendered":"https:\/\/confiserieboillat.ch\/produit\/jar-chicken-stir-fry-ch-with-spices\/"},"modified":"2025-11-18T12:35:42","modified_gmt":"2025-11-18T11:35:42","slug":"jar-chicken-stir-fry-ch-with-spices","status":"publish","type":"product","link":"https:\/\/confiserieboillat.ch\/en\/produit\/jar-chicken-stir-fry-ch-with-spices\/","title":{"rendered":"Jar of chicken saut\u00e9 (CH) with spices"},"content":{"rendered":"<div class=\"group w-full text-token-text-primary border-b border-black\/10 dark:border-gray-900\/50 bg-gray-50 dark:bg-[#444654]\" data-testid=\"conversation-turn-141\">\n<div class=\"p-4 justify-center text-base md:gap-6 md:py-6 m-auto\">\n<div class=\"flex flex-1 gap-4 text-base mx-auto md:gap-6 md:max-w-2xl lg:max-w-[38rem] xl:max-w-3xl }\">\n<div class=\"relative flex w-[calc(100%-50px)] flex-col gap-1 md:gap-3 lg:w-[calc(100%-115px)]\">\n<div class=\"flex flex-grow flex-col gap-3 max-w-full\">\n<div class=\"min-h-[20px] flex flex-col items-start gap-3 overflow-x-auto whitespace-pre-wrap break-words\">\n<div class=\"markdown prose w-full break-words dark:prose-invert light\">\n<p>&nbsp;<\/p>\n<\/div>\n<\/div>\n<\/div>\n<div class=\"flex justify-between lg:block\">\n<div class=\"text-gray-400 flex self-end lg:self-center justify-center mt-2 gap-2 md:gap-3 lg:gap-1 lg:absolute lg:top-0 lg:translate-x-full lg:right-0 lg:mt-0 lg:pl-2 visible\">\n<p>&nbsp;<\/p>\n<div class=\"flex gap-1\"><\/div>\n<\/div>\n<\/div>\n<\/div>\n<\/div>\n<\/div>\n<\/div>\n","protected":false},"excerpt":{"rendered":"<p>Discover our Saut\u00e9 de Volaille CH aux \u00c9pices jar, an explosion of Swiss flavors. This dish features tender pieces of poultry saut\u00e9ed in a deliciously spicy sauce. Ready to enjoy, it offers you an authentic Swiss gastronomic experience, ideal for satisfying your taste buds.<\/p>\n<p><em>Ingredients: Chicken (CH) 41%, white rice (Italy) 24%, carrots with cumin 24.6%, wild rice 6%, spices.  <strong>May contain traces of celery, egg and gluten.<\/strong><\/em><\/p>\n","protected":false},"featured_media":0,"template":"","meta":[],"product_brand":[],"product_cat":[192],"product_tag":[],"class_list":{"0":"post-32863","1":"product","2":"type-product","3":"status-publish","5":"product_cat-jars","6":"product_shipping_class-special-delivery-en","8":"first","9":"instock","10":"taxable","11":"shipping-taxable","12":"purchasable","13":"product-type-simple"},"_links":{"self":[{"href":"https:\/\/confiserieboillat.ch\/en\/wp-json\/wp\/v2\/product\/32863","targetHints":{"allow":["GET"]}}],"collection":[{"href":"https:\/\/confiserieboillat.ch\/en\/wp-json\/wp\/v2\/product"}],"about":[{"href":"https:\/\/confiserieboillat.ch\/en\/wp-json\/wp\/v2\/types\/product"}],"wp:attachment":[{"href":"https:\/\/confiserieboillat.ch\/en\/wp-json\/wp\/v2\/media?parent=32863"}],"wp:term":[{"taxonomy":"product_brand","embeddable":true,"href":"https:\/\/confiserieboillat.ch\/en\/wp-json\/wp\/v2\/product_brand?post=32863"},{"taxonomy":"product_cat","embeddable":true,"href":"https:\/\/confiserieboillat.ch\/en\/wp-json\/wp\/v2\/product_cat?post=32863"},{"taxonomy":"product_tag","embeddable":true,"href":"https:\/\/confiserieboillat.ch\/en\/wp-json\/wp\/v2\/product_tag?post=32863"}],"curies":[{"name":"wp","href":"https:\/\/api.w.org\/{rel}","templated":true}]}}